{"id":15233,"date":"2024-02-22T11:15:26","date_gmt":"2024-02-22T11:15:26","guid":{"rendered":"https:\/\/higueronwest.com\/blog\/"},"modified":"2025-10-15T12:22:03","modified_gmt":"2025-10-15T12:22:03","slug":"blog","status":"publish","type":"page","link":"https:\/\/higueronwest.com\/es\/blog\/","title":{"rendered":"blog"},"content":{"rendered":"\t\t<div data-elementor-type=\"wp-page\" data-elementor-id=\"15233\" class=\"elementor elementor-15233 elementor-5287\" data-elementor-post-type=\"page\">\n\t\t\t\t\t\t<section class=\"elementor-section elementor-top-section elementor-element elementor-element-90ff7ed elementor-section-full_width elementor-section-height-min-height elementor-section-height-default elementor-section-items-middle\" data-id=\"90ff7ed\" data-element_type=\"section\" data-e-type=\"section\" data-settings=\"{&quot;background_background&quot;:&quot;classic&quot;}\">\n\t\t\t\t\t\t<div class=\"elementor-container elementor-column-gap-no\">\n\t\t\t\t\t<div class=\"elementor-column elementor-col-100 elementor-top-column elementor-element elementor-element-ebdc7bf\" data-id=\"ebdc7bf\" data-element_type=\"column\" data-e-type=\"column\">\n\t\t\t<div class=\"elementor-widget-wrap elementor-element-populated\">\n\t\t\t\t\t\t<div class=\"elementor-element elementor-element-ac8fdef elementor-widget elementor-widget-text-editor\" data-id=\"ac8fdef\" data-element_type=\"widget\" data-e-type=\"widget\" data-widget_type=\"text-editor.default\">\n\t\t\t\t<div class=\"elementor-widget-container\">\n\t\t\t\t\t\t\t\t\t<p>blog<\/p>\t\t\t\t\t\t\t\t<\/div>\n\t\t\t\t<\/div>\n\t\t\t\t\t<\/div>\n\t\t<\/div>\n\t\t\t\t\t<\/div>\n\t\t<\/section>\n\t\t\t\t<section class=\"elementor-section elementor-top-section elementor-element elementor-element-bcce2d8 elementor-section-height-min-height elementor-section-content-middle elementor-section-boxed elementor-section-height-default elementor-section-items-middle\" data-id=\"bcce2d8\" data-element_type=\"section\" data-e-type=\"section\" data-settings=\"{&quot;background_background&quot;:&quot;classic&quot;}\">\n\t\t\t\t\t\t<div class=\"elementor-container elementor-column-gap-no\">\n\t\t\t\t\t<div class=\"elementor-column elementor-col-100 elementor-top-column elementor-element elementor-element-61f4465\" data-id=\"61f4465\" data-element_type=\"column\" data-e-type=\"column\">\n\t\t\t<div class=\"elementor-widget-wrap elementor-element-populated\">\n\t\t\t\t\t\t<div class=\"elementor-element elementor-element-7fc5ce6 elementor-grid-1 elementor-posts--align-left elementor-grid-tablet-1 elementor-posts--thumbnail-left elementor-hidden-mobile elementor-grid-mobile-1 load-more-align-center elementor-widget elementor-widget-posts\" data-id=\"7fc5ce6\" data-element_type=\"widget\" data-e-type=\"widget\" data-settings=\"{&quot;classic_columns&quot;:&quot;1&quot;,&quot;pagination_type&quot;:&quot;load_more_on_click&quot;,&quot;classic_row_gap&quot;:{&quot;unit&quot;:&quot;px&quot;,&quot;size&quot;:100,&quot;sizes&quot;:[]},&quot;classic_columns_tablet&quot;:&quot;1&quot;,&quot;classic_row_gap_tablet&quot;:{&quot;unit&quot;:&quot;px&quot;,&quot;size&quot;:80,&quot;sizes&quot;:[]},&quot;classic_columns_mobile&quot;:&quot;1&quot;,&quot;classic_row_gap_mobile_extra&quot;:{&quot;unit&quot;:&quot;px&quot;,&quot;size&quot;:&quot;&quot;,&quot;sizes&quot;:[]},&quot;classic_row_gap_mobile&quot;:{&quot;unit&quot;:&quot;px&quot;,&quot;size&quot;:&quot;&quot;,&quot;sizes&quot;:[]},&quot;load_more_spinner&quot;:{&quot;value&quot;:&quot;fas fa-spinner&quot;,&quot;library&quot;:&quot;fa-solid&quot;}}\" data-widget_type=\"posts.classic\">\n\t\t\t\t<div class=\"elementor-widget-container\">\n\t\t\t\t\t\t\t<div class=\"elementor-posts-container elementor-posts elementor-posts--skin-classic elementor-grid\" role=\"list\">\n\t\t\t\t<article class=\"elementor-post elementor-grid-item post-18884 post type-post status-publish format-standard has-post-thumbnail hentry category-facilities-es\" role=\"listitem\">\n\t\t\t\t<a class=\"elementor-post__thumbnail__link\" href=\"https:\/\/higueronwest.com\/es\/2026\/04\/22\/reset-con-luz-y-oxigeno\/\" tabindex=\"-1\" >\n\t\t\t<div class=\"elementor-post__thumbnail\"><img fetchpriority=\"high\" decoding=\"async\" width=\"800\" height=\"650\" src=\"https:\/\/higueronwest.com\/wp-content\/uploads\/2026\/04\/blue_wellness_800x650.jpg\" class=\"attachment-large size-large wp-image-18882\" alt=\"\" srcset=\"https:\/\/higueronwest.com\/wp-content\/uploads\/2026\/04\/blue_wellness_800x650.jpg 800w, https:\/\/higueronwest.com\/wp-content\/uploads\/2026\/04\/blue_wellness_800x650-300x244.jpg 300w, https:\/\/higueronwest.com\/wp-content\/uploads\/2026\/04\/blue_wellness_800x650-768x624.jpg 768w\" sizes=\"(max-width: 800px) 100vw, 800px\" \/><\/div>\n\t\t<\/a>\n\t\t\t\t<div class=\"elementor-post__text\">\n\t\t\t\t<h3 class=\"elementor-post__title\">\n\t\t\t<a href=\"https:\/\/higueronwest.com\/es\/2026\/04\/22\/reset-con-luz-y-oxigeno\/\" >\n\t\t\t\tReset con Luz y Ox\u00edgeno\t\t\t<\/a>\n\t\t<\/h3>\n\t\t\t\t<div class=\"elementor-post__excerpt\">\n\t\t\t<p>La fotobiomodulaci\u00f3n con luz roja y azul y la oxigenoterapia hiperb\u00e1rica son tecnolog\u00edas que interact\u00faan con procesos biol\u00f3gicos del cuerpo para apoyar la regeneraci\u00f3n, el equilibrio cut\u00e1neo y la recuperaci\u00f3n. En la zona wellness de Higuer\u00f3n West, los propietarios pueden acceder a estos servicios como parte de un enfoque de bienestar no invasivo y respetuoso con la fisiolog\u00eda.<\/p>\n\t\t<\/div>\n\t\t\t\t\t<div class=\"elementor-post__read-more-wrapper\">\n\t\t\n\t\t<a class=\"elementor-post__read-more\" href=\"https:\/\/higueronwest.com\/es\/2026\/04\/22\/reset-con-luz-y-oxigeno\/\" aria-label=\"M\u00e1s informaci\u00f3n sobre Reset con Luz y Ox\u00edgeno\" tabindex=\"-1\" >\n\t\t\tleer m\u00e1s <img decoding=\"async\" class=\"flecha-read\" src=\"https:\/\/higueronwest.com\/wp-content\/uploads\/2024\/02\/long_arrow_right.svg\" alt=\"Flecha\">\t\t<\/a>\n\n\t\t\t\t\t<\/div>\n\t\t\t\t<\/div>\n\t\t\t\t<\/article>\n\t\t\t\t<article class=\"elementor-post elementor-grid-item post-18815 post type-post status-publish format-standard has-post-thumbnail hentry category-facilities-es\" role=\"listitem\">\n\t\t\t\t<a class=\"elementor-post__thumbnail__link\" href=\"https:\/\/higueronwest.com\/es\/2026\/03\/09\/pilates-reformer-una-forma-distinta-de-moverse\/\" tabindex=\"-1\" >\n\t\t\t<div class=\"elementor-post__thumbnail\"><img decoding=\"async\" width=\"800\" height=\"650\" src=\"https:\/\/higueronwest.com\/wp-content\/uploads\/2026\/03\/pilates_fit_800x650.jpg\" class=\"attachment-large size-large wp-image-18812\" alt=\"\" srcset=\"https:\/\/higueronwest.com\/wp-content\/uploads\/2026\/03\/pilates_fit_800x650.jpg 800w, https:\/\/higueronwest.com\/wp-content\/uploads\/2026\/03\/pilates_fit_800x650-300x244.jpg 300w, https:\/\/higueronwest.com\/wp-content\/uploads\/2026\/03\/pilates_fit_800x650-768x624.jpg 768w\" sizes=\"(max-width: 800px) 100vw, 800px\" \/><\/div>\n\t\t<\/a>\n\t\t\t\t<div class=\"elementor-post__text\">\n\t\t\t\t<h3 class=\"elementor-post__title\">\n\t\t\t<a href=\"https:\/\/higueronwest.com\/es\/2026\/03\/09\/pilates-reformer-una-forma-distinta-de-moverse\/\" >\n\t\t\t\tPilates Reformer: una forma distinta de moverse\t\t\t<\/a>\n\t\t<\/h3>\n\t\t\t\t<div class=\"elementor-post__excerpt\">\n\t\t\t<p>El Pilates Reformer propone una forma de movimiento precisa y consciente, basada en la resistencia controlada y la atenci\u00f3n al cuerpo. Integrado en la zona wellness del Resort, forma parte de una experiencia orientada al equilibrio f\u00edsico y al cuidado del movimiento.<\/p>\n\t\t<\/div>\n\t\t\t\t\t<div class=\"elementor-post__read-more-wrapper\">\n\t\t\n\t\t<a class=\"elementor-post__read-more\" href=\"https:\/\/higueronwest.com\/es\/2026\/03\/09\/pilates-reformer-una-forma-distinta-de-moverse\/\" aria-label=\"M\u00e1s informaci\u00f3n sobre Pilates Reformer: una forma distinta de moverse\" tabindex=\"-1\" >\n\t\t\tleer m\u00e1s <img decoding=\"async\" class=\"flecha-read\" src=\"https:\/\/higueronwest.com\/wp-content\/uploads\/2024\/02\/long_arrow_right.svg\" alt=\"Flecha\">\t\t<\/a>\n\n\t\t\t\t\t<\/div>\n\t\t\t\t<\/div>\n\t\t\t\t<\/article>\n\t\t\t\t<article class=\"elementor-post elementor-grid-item post-18807 post type-post status-publish format-standard has-post-thumbnail hentry category-facilities-es\" role=\"listitem\">\n\t\t\t\t<a class=\"elementor-post__thumbnail__link\" href=\"https:\/\/higueronwest.com\/es\/2026\/02\/04\/coworking-inteligente\/\" tabindex=\"-1\" >\n\t\t\t<div class=\"elementor-post__thumbnail\"><img decoding=\"async\" width=\"800\" height=\"650\" src=\"https:\/\/higueronwest.com\/wp-content\/uploads\/2026\/02\/coworking_800x650.jpg\" class=\"attachment-large size-large wp-image-18804\" alt=\"\" srcset=\"https:\/\/higueronwest.com\/wp-content\/uploads\/2026\/02\/coworking_800x650.jpg 800w, https:\/\/higueronwest.com\/wp-content\/uploads\/2026\/02\/coworking_800x650-300x244.jpg 300w, https:\/\/higueronwest.com\/wp-content\/uploads\/2026\/02\/coworking_800x650-768x624.jpg 768w\" sizes=\"(max-width: 800px) 100vw, 800px\" \/><\/div>\n\t\t<\/a>\n\t\t\t\t<div class=\"elementor-post__text\">\n\t\t\t\t<h3 class=\"elementor-post__title\">\n\t\t\t<a href=\"https:\/\/higueronwest.com\/es\/2026\/02\/04\/coworking-inteligente\/\" >\n\t\t\t\tCoworking inteligente\t\t\t<\/a>\n\t\t<\/h3>\n\t\t\t\t<div class=\"elementor-post__excerpt\">\n\t\t\t<p>Cambios peque\u00f1os \u2014 como variar de silla o mirar al cielo \u2014 pueden mejorar radicalmente tu bienestar y enfoque en un coworking. Convertirlo en ritual es el verdadero objetivo.<\/p>\n\t\t<\/div>\n\t\t\t\t\t<div class=\"elementor-post__read-more-wrapper\">\n\t\t\n\t\t<a class=\"elementor-post__read-more\" href=\"https:\/\/higueronwest.com\/es\/2026\/02\/04\/coworking-inteligente\/\" aria-label=\"M\u00e1s informaci\u00f3n sobre Coworking inteligente\" tabindex=\"-1\" >\n\t\t\tleer m\u00e1s <img decoding=\"async\" class=\"flecha-read\" src=\"https:\/\/higueronwest.com\/wp-content\/uploads\/2024\/02\/long_arrow_right.svg\" alt=\"Flecha\">\t\t<\/a>\n\n\t\t\t\t\t<\/div>\n\t\t\t\t<\/div>\n\t\t\t\t<\/article>\n\t\t\t\t<\/div>\n\t\t\t\t\t<span class=\"e-load-more-spinner\">\n\t\t\t\t<svg aria-hidden=\"true\" class=\"e-font-icon-svg e-fas-spinner\" viewBox=\"0 0 512 512\" xmlns=\"http:\/\/www.w3.org\/2000\/svg\"><path d=\"M304 48c0 26.51-21.49 48-48 48s-48-21.49-48-48 21.49-48 48-48 48 21.49 48 48zm-48 368c-26.51 0-48 21.49-48 48s21.49 48 48 48 48-21.49 48-48-21.49-48-48-48zm208-208c-26.51 0-48 21.49-48 48s21.49 48 48 48 48-21.49 48-48-21.49-48-48-48zM96 256c0-26.51-21.49-48-48-48S0 229.49 0 256s21.49 48 48 48 48-21.49 48-48zm12.922 99.078c-26.51 0-48 21.49-48 48s21.49 48 48 48 48-21.49 48-48c0-26.509-21.491-48-48-48zm294.156 0c-26.51 0-48 21.49-48 48s21.49 48 48 48 48-21.49 48-48c0-26.509-21.49-48-48-48zM108.922 60.922c-26.51 0-48 21.49-48 48s21.49 48 48 48 48-21.49 48-48-21.491-48-48-48z\"><\/path><\/svg>\t\t\t<\/span>\n\t\t\n\t\t\t\t<div class=\"e-load-more-anchor\" data-page=\"1\" data-max-page=\"13\" data-next-page=\"https:\/\/higueronwest.com\/es\/wp-json\/wp\/v2\/pages\/15233\/page\/2\/\"><\/div>\n\t\t\t\t<div class=\"elementor-button-wrapper\">\n\t\t\t<a class=\"elementor-button elementor-size-sm\" role=\"button\">\n\t\t\t\t\t\t<span class=\"elementor-button-content-wrapper\">\n\t\t\t\t\t\t\t\t\t<span class=\"elementor-button-text\">Ver m\u00e1s<\/span>\n\t\t\t\t\t<\/span>\n\t\t\t\t\t<\/a>\n\t\t<\/div>\n\t\t\t\t<div class=\"e-load-more-message\"><\/div>\n\t\t\t\t\t\t<\/div>\n\t\t\t\t<\/div>\n\t\t\t\t<div class=\"elementor-element elementor-element-4c40a4e elementor-grid-1 elementor-posts--align-left elementor-grid-tablet-1 elementor-hidden-desktop elementor-hidden-tablet elementor-grid-mobile-1 elementor-posts--thumbnail-top load-more-align-center elementor-widget elementor-widget-posts\" data-id=\"4c40a4e\" data-element_type=\"widget\" data-e-type=\"widget\" data-settings=\"{&quot;classic_columns&quot;:&quot;1&quot;,&quot;pagination_type&quot;:&quot;load_more_on_click&quot;,&quot;classic_row_gap&quot;:{&quot;unit&quot;:&quot;px&quot;,&quot;size&quot;:100,&quot;sizes&quot;:[]},&quot;classic_columns_tablet&quot;:&quot;1&quot;,&quot;classic_row_gap_tablet&quot;:{&quot;unit&quot;:&quot;px&quot;,&quot;size&quot;:100,&quot;sizes&quot;:[]},&quot;classic_row_gap_mobile&quot;:{&quot;unit&quot;:&quot;px&quot;,&quot;size&quot;:34,&quot;sizes&quot;:[]},&quot;classic_columns_mobile&quot;:&quot;1&quot;,&quot;classic_row_gap_mobile_extra&quot;:{&quot;unit&quot;:&quot;px&quot;,&quot;size&quot;:&quot;&quot;,&quot;sizes&quot;:[]},&quot;load_more_spinner&quot;:{&quot;value&quot;:&quot;fas fa-spinner&quot;,&quot;library&quot;:&quot;fa-solid&quot;}}\" data-widget_type=\"posts.classic\">\n\t\t\t\t<div class=\"elementor-widget-container\">\n\t\t\t\t\t\t\t<div class=\"elementor-posts-container elementor-posts elementor-posts--skin-classic elementor-grid\" role=\"list\">\n\t\t\t\t<article class=\"elementor-post elementor-grid-item post-18884 post type-post status-publish format-standard has-post-thumbnail hentry category-facilities-es\" role=\"listitem\">\n\t\t\t\t<a class=\"elementor-post__thumbnail__link\" href=\"https:\/\/higueronwest.com\/es\/2026\/04\/22\/reset-con-luz-y-oxigeno\/\" tabindex=\"-1\" >\n\t\t\t<div class=\"elementor-post__thumbnail\"><img fetchpriority=\"high\" decoding=\"async\" width=\"800\" height=\"650\" src=\"https:\/\/higueronwest.com\/wp-content\/uploads\/2026\/04\/blue_wellness_800x650.jpg\" class=\"attachment-large size-large wp-image-18882\" alt=\"\" srcset=\"https:\/\/higueronwest.com\/wp-content\/uploads\/2026\/04\/blue_wellness_800x650.jpg 800w, https:\/\/higueronwest.com\/wp-content\/uploads\/2026\/04\/blue_wellness_800x650-300x244.jpg 300w, https:\/\/higueronwest.com\/wp-content\/uploads\/2026\/04\/blue_wellness_800x650-768x624.jpg 768w\" sizes=\"(max-width: 800px) 100vw, 800px\" \/><\/div>\n\t\t<\/a>\n\t\t\t\t<div class=\"elementor-post__text\">\n\t\t\t\t<h3 class=\"elementor-post__title\">\n\t\t\t<a href=\"https:\/\/higueronwest.com\/es\/2026\/04\/22\/reset-con-luz-y-oxigeno\/\" >\n\t\t\t\tReset con Luz y Ox\u00edgeno\t\t\t<\/a>\n\t\t<\/h3>\n\t\t\t\t<div class=\"elementor-post__excerpt\">\n\t\t\t<p>La fotobiomodulaci\u00f3n con luz roja y azul y la oxigenoterapia hiperb\u00e1rica son tecnolog\u00edas que interact\u00faan con procesos biol\u00f3gicos del cuerpo para apoyar la regeneraci\u00f3n, el equilibrio cut\u00e1neo y la recuperaci\u00f3n. En la zona wellness de Higuer\u00f3n West, los propietarios pueden acceder a estos servicios como parte de un enfoque de bienestar no invasivo y respetuoso con la fisiolog\u00eda.<\/p>\n\t\t<\/div>\n\t\t\t\t\t<div class=\"elementor-post__read-more-wrapper\">\n\t\t\n\t\t<a class=\"elementor-post__read-more\" href=\"https:\/\/higueronwest.com\/es\/2026\/04\/22\/reset-con-luz-y-oxigeno\/\" aria-label=\"M\u00e1s informaci\u00f3n sobre Reset con Luz y Ox\u00edgeno\" tabindex=\"-1\" >\n\t\t\tleer m\u00e1s <img decoding=\"async\" class=\"flecha-read\" src=\"https:\/\/higueronwest.com\/wp-content\/uploads\/2024\/02\/long_arrow_right.svg\" alt=\"Flecha\">\t\t<\/a>\n\n\t\t\t\t\t<\/div>\n\t\t\t\t<\/div>\n\t\t\t\t<\/article>\n\t\t\t\t<article class=\"elementor-post elementor-grid-item post-18815 post type-post status-publish format-standard has-post-thumbnail hentry category-facilities-es\" role=\"listitem\">\n\t\t\t\t<a class=\"elementor-post__thumbnail__link\" href=\"https:\/\/higueronwest.com\/es\/2026\/03\/09\/pilates-reformer-una-forma-distinta-de-moverse\/\" tabindex=\"-1\" >\n\t\t\t<div class=\"elementor-post__thumbnail\"><img decoding=\"async\" width=\"800\" height=\"650\" src=\"https:\/\/higueronwest.com\/wp-content\/uploads\/2026\/03\/pilates_fit_800x650.jpg\" class=\"attachment-large size-large wp-image-18812\" alt=\"\" srcset=\"https:\/\/higueronwest.com\/wp-content\/uploads\/2026\/03\/pilates_fit_800x650.jpg 800w, https:\/\/higueronwest.com\/wp-content\/uploads\/2026\/03\/pilates_fit_800x650-300x244.jpg 300w, https:\/\/higueronwest.com\/wp-content\/uploads\/2026\/03\/pilates_fit_800x650-768x624.jpg 768w\" sizes=\"(max-width: 800px) 100vw, 800px\" \/><\/div>\n\t\t<\/a>\n\t\t\t\t<div class=\"elementor-post__text\">\n\t\t\t\t<h3 class=\"elementor-post__title\">\n\t\t\t<a href=\"https:\/\/higueronwest.com\/es\/2026\/03\/09\/pilates-reformer-una-forma-distinta-de-moverse\/\" >\n\t\t\t\tPilates Reformer: una forma distinta de moverse\t\t\t<\/a>\n\t\t<\/h3>\n\t\t\t\t<div class=\"elementor-post__excerpt\">\n\t\t\t<p>El Pilates Reformer propone una forma de movimiento precisa y consciente, basada en la resistencia controlada y la atenci\u00f3n al cuerpo. Integrado en la zona wellness del Resort, forma parte de una experiencia orientada al equilibrio f\u00edsico y al cuidado del movimiento.<\/p>\n\t\t<\/div>\n\t\t\t\t\t<div class=\"elementor-post__read-more-wrapper\">\n\t\t\n\t\t<a class=\"elementor-post__read-more\" href=\"https:\/\/higueronwest.com\/es\/2026\/03\/09\/pilates-reformer-una-forma-distinta-de-moverse\/\" aria-label=\"M\u00e1s informaci\u00f3n sobre Pilates Reformer: una forma distinta de moverse\" tabindex=\"-1\" >\n\t\t\tleer m\u00e1s <img decoding=\"async\" class=\"flecha-read\" src=\"https:\/\/higueronwest.com\/wp-content\/uploads\/2024\/02\/long_arrow_right.svg\" alt=\"Flecha\">\t\t<\/a>\n\n\t\t\t\t\t<\/div>\n\t\t\t\t<\/div>\n\t\t\t\t<\/article>\n\t\t\t\t<article class=\"elementor-post elementor-grid-item post-18807 post type-post status-publish format-standard has-post-thumbnail hentry category-facilities-es\" role=\"listitem\">\n\t\t\t\t<a class=\"elementor-post__thumbnail__link\" href=\"https:\/\/higueronwest.com\/es\/2026\/02\/04\/coworking-inteligente\/\" tabindex=\"-1\" >\n\t\t\t<div class=\"elementor-post__thumbnail\"><img decoding=\"async\" width=\"800\" height=\"650\" src=\"https:\/\/higueronwest.com\/wp-content\/uploads\/2026\/02\/coworking_800x650.jpg\" class=\"attachment-large size-large wp-image-18804\" alt=\"\" srcset=\"https:\/\/higueronwest.com\/wp-content\/uploads\/2026\/02\/coworking_800x650.jpg 800w, https:\/\/higueronwest.com\/wp-content\/uploads\/2026\/02\/coworking_800x650-300x244.jpg 300w, https:\/\/higueronwest.com\/wp-content\/uploads\/2026\/02\/coworking_800x650-768x624.jpg 768w\" sizes=\"(max-width: 800px) 100vw, 800px\" \/><\/div>\n\t\t<\/a>\n\t\t\t\t<div class=\"elementor-post__text\">\n\t\t\t\t<h3 class=\"elementor-post__title\">\n\t\t\t<a href=\"https:\/\/higueronwest.com\/es\/2026\/02\/04\/coworking-inteligente\/\" >\n\t\t\t\tCoworking inteligente\t\t\t<\/a>\n\t\t<\/h3>\n\t\t\t\t<div class=\"elementor-post__excerpt\">\n\t\t\t<p>Cambios peque\u00f1os \u2014 como variar de silla o mirar al cielo \u2014 pueden mejorar radicalmente tu bienestar y enfoque en un coworking. Convertirlo en ritual es el verdadero objetivo.<\/p>\n\t\t<\/div>\n\t\t\t\t\t<div class=\"elementor-post__read-more-wrapper\">\n\t\t\n\t\t<a class=\"elementor-post__read-more\" href=\"https:\/\/higueronwest.com\/es\/2026\/02\/04\/coworking-inteligente\/\" aria-label=\"M\u00e1s informaci\u00f3n sobre Coworking inteligente\" tabindex=\"-1\" >\n\t\t\tleer m\u00e1s <img decoding=\"async\" class=\"flecha-read\" src=\"https:\/\/higueronwest.com\/wp-content\/uploads\/2024\/02\/long_arrow_right.svg\" alt=\"Flecha\">\t\t<\/a>\n\n\t\t\t\t\t<\/div>\n\t\t\t\t<\/div>\n\t\t\t\t<\/article>\n\t\t\t\t<\/div>\n\t\t\t\t\t<span class=\"e-load-more-spinner\">\n\t\t\t\t<svg aria-hidden=\"true\" class=\"e-font-icon-svg e-fas-spinner\" viewBox=\"0 0 512 512\" xmlns=\"http:\/\/www.w3.org\/2000\/svg\"><path d=\"M304 48c0 26.51-21.49 48-48 48s-48-21.49-48-48 21.49-48 48-48 48 21.49 48 48zm-48 368c-26.51 0-48 21.49-48 48s21.49 48 48 48 48-21.49 48-48-21.49-48-48-48zm208-208c-26.51 0-48 21.49-48 48s21.49 48 48 48 48-21.49 48-48-21.49-48-48-48zM96 256c0-26.51-21.49-48-48-48S0 229.49 0 256s21.49 48 48 48 48-21.49 48-48zm12.922 99.078c-26.51 0-48 21.49-48 48s21.49 48 48 48 48-21.49 48-48c0-26.509-21.491-48-48-48zm294.156 0c-26.51 0-48 21.49-48 48s21.49 48 48 48 48-21.49 48-48c0-26.509-21.49-48-48-48zM108.922 60.922c-26.51 0-48 21.49-48 48s21.49 48 48 48 48-21.49 48-48-21.491-48-48-48z\"><\/path><\/svg>\t\t\t<\/span>\n\t\t\n\t\t\t\t<div class=\"e-load-more-anchor\" data-page=\"1\" data-max-page=\"13\" data-next-page=\"https:\/\/higueronwest.com\/es\/wp-json\/wp\/v2\/pages\/15233\/page\/2\/\"><\/div>\n\t\t\t\t<div class=\"elementor-button-wrapper\">\n\t\t\t<a class=\"elementor-button elementor-size-sm\" role=\"button\">\n\t\t\t\t\t\t<span class=\"elementor-button-content-wrapper\">\n\t\t\t\t\t\t\t\t\t<span class=\"elementor-button-text\">Ver m\u00e1s<\/span>\n\t\t\t\t\t<\/span>\n\t\t\t\t\t<\/a>\n\t\t<\/div>\n\t\t\t\t<div class=\"e-load-more-message\"><\/div>\n\t\t\t\t\t\t<\/div>\n\t\t\t\t<\/div>\n\t\t\t\t\t<\/div>\n\t\t<\/div>\n\t\t\t\t\t<\/div>\n\t\t<\/section>\n\t\t\t\t<\/div>\n\t\t","protected":false},"excerpt":{"rendered":"<p>blog<\/p>\n","protected":false},"author":1,"featured_media":0,"parent":0,"menu_order":0,"comment_status":"closed","ping_status":"closed","template":"","meta":{"content-type":"","site-sidebar-layout":"no-sidebar","site-content-layout":"page-builder","ast-site-content-layout":"full-width-container","site-content-style":"default","site-sidebar-style":"default","ast-global-header-display":"","ast-banner-title-visibility":"","ast-main-header-display":"","ast-hfb-above-header-display":"","ast-hfb-below-header-display":"","ast-hfb-mobile-header-display":"","site-post-title":"disabled","ast-breadcrumbs-content":"","ast-featured-img":"disabled","footer-sml-layout":"","theme-transparent-header-meta":"","adv-header-id-meta":"","stick-header-meta":"","header-above-stick-meta":"","header-main-stick-meta":"","header-below-stick-meta":"","astra-migrate-meta-layouts":"default","ast-page-background-enabled":"default","ast-page-background-meta":{"desktop":{"background-color":"","background-image":"","background-repeat":"repeat","background-position":"center center","background-size":"auto","background-attachment":"scroll","background-type":"","background-media":"","overlay-type":"","overlay-color":"","overlay-opacity":"","overlay-gradient":""},"tablet":{"background-color":"","background-image":"","background-repeat":"repeat","background-position":"center center","background-size":"auto","background-attachment":"scroll","background-type":"","background-media":"","overlay-type":"","overlay-color":"","overlay-opacity":"","overlay-gradient":""},"mobile":{"background-color":"","background-image":"","background-repeat":"repeat","background-position":"center center","background-size":"auto","background-attachment":"scroll","background-type":"","background-media":"","overlay-type":"","overlay-color":"","overlay-opacity":"","overlay-gradient":""}},"ast-content-background-meta":{"desktop":{"background-color":"var(--ast-global-color-5)","background-image":"","background-repeat":"repeat","background-position":"center center","background-size":"auto","background-attachment":"scroll","background-type":"","background-media":"","overlay-type":"","overlay-color":"","overlay-opacity":"","overlay-gradient":""},"tablet":{"background-color":"var(--ast-global-color-5)","background-image":"","background-repeat":"repeat","background-position":"center center","background-size":"auto","background-attachment":"scroll","background-type":"","background-media":"","overlay-type":"","overlay-color":"","overlay-opacity":"","overlay-gradient":""},"mobile":{"background-color":"var(--ast-global-color-5)","background-image":"","background-repeat":"repeat","background-position":"center center","background-size":"auto","background-attachment":"scroll","background-type":"","background-media":"","overlay-type":"","overlay-color":"","overlay-opacity":"","overlay-gradient":""}},"footnotes":""},"class_list":["post-15233","page","type-page","status-publish","hentry"],"aioseo_notices":[],"_links":{"self":[{"href":"https:\/\/higueronwest.com\/es\/wp-json\/wp\/v2\/pages\/15233","targetHints":{"allow":["GET"]}}],"collection":[{"href":"https:\/\/higueronwest.com\/es\/wp-json\/wp\/v2\/pages"}],"about":[{"href":"https:\/\/higueronwest.com\/es\/wp-json\/wp\/v2\/types\/page"}],"author":[{"embeddable":true,"href":"https:\/\/higueronwest.com\/es\/wp-json\/wp\/v2\/users\/1"}],"replies":[{"embeddable":true,"href":"https:\/\/higueronwest.com\/es\/wp-json\/wp\/v2\/comments?post=15233"}],"version-history":[{"count":31,"href":"https:\/\/higueronwest.com\/es\/wp-json\/wp\/v2\/pages\/15233\/revisions"}],"predecessor-version":[{"id":18607,"href":"https:\/\/higueronwest.com\/es\/wp-json\/wp\/v2\/pages\/15233\/revisions\/18607"}],"wp:attachment":[{"href":"https:\/\/higueronwest.com\/es\/wp-json\/wp\/v2\/media?parent=15233"}],"curies":[{"name":"wp","href":"https:\/\/api.w.org\/{rel}","templated":true}]}}